{"id":3,"date":"2024-10-15T16:22:33","date_gmt":"2024-10-15T14:22:33","guid":{"rendered":"http:\/\/fenixfactory.pl\/?page_id=3"},"modified":"2024-10-16T09:04:13","modified_gmt":"2024-10-16T07:04:13","slug":"polityka-prywatnosci","status":"publish","type":"page","link":"https:\/\/fenixfactory.pl\/?page_id=3","title":{"rendered":"Polityka prywatno\u015bci"},"content":{"rendered":"\n<p><strong><em>INFORMACJA O PRZETWARZANIU DANYCH OSOBOWYCH<\/em><\/strong><\/p>\n\n\n\n<p>Dzia\u0142aj\u0105c w zgodzie z art. 13 i nast\u0119puj\u0105cymi Rozporz\u0105dzenia Parlamentu Europejskiego i Rady (UE) 2016\/679 z dn. 27.04.2016r. w sprawie ochrony danych os\u00f3b fizycznych i w sprawie swobodnego przep\u0142ywu takich danych oraz uchylenia dyrektywy 95\/46\/WE (og\u00f3lne rozporz\u0105dzenie o ochronie danych), FenixFactory Sp z o. o. z siedzib\u0105 w Rzeszowie informuje, \u017ce:<\/p>\n\n\n\n<ol class=\"wp-block-list\">\n<li>Administratorem Pa\u0144stwa danych osobowych jest FenixFactory Sp. z o.o. z siedzib\u0105 przy ul. Szpitalnej 1, 35-065 Rzesz\u00f3w.<\/li>\n\n\n\n<li>Podstaw\u0105 prawn\u0105 pozyskiwania i przetwarzania Pa\u0144stwa danych osobowych jest 6 ust.1 pkt a, pkt b, pkt c, pkt f Rozporz\u0105dzenia Parlamentu Europejskiego i Rady UE 2016\/679 z dnia 27.04.2016r.<\/li>\n\n\n\n<li>Pa\u0144stwa dane osobowe b\u0119d\u0105 przetwarzane w celu zawarcia i\/lub prawid\u0142owej realizacji zawartej pomi\u0119dzy Stronami Umowy oraz w celu wype\u0142nienia obowi\u0105zk\u00f3w prawnych ci\u0105\u017c\u0105cych na Administratorze.<\/li>\n\n\n\n<li>Odbiorc\u0105 Pa\u0144stwa danych osobowych b\u0119d\u0105 pracownicy Administratora, w celu i&nbsp; zakresie koniecznym do&nbsp;prawid\u0142owej realizacji Umowy.<\/li>\n\n\n\n<li>Pana\/Pani dane mog\u0105 by\u0107 przekazywane ponadto innym administratorom, w zakresie niezb\u0119dnym do&nbsp;prawid\u0142owej realizacji ich zada\u0144 i\/lub w zakresie wynikaj\u0105cym z \u0142\u0105cz\u0105cej nas Umowy:\n<ul class=\"wp-block-list\">\n<li>organom administracji publicznej, organom podatkowym, s\u0105dom, policji, komornikom itp. w zakresie, w&nbsp;jakim wymagaj\u0105 tego przepisy powszechnie obowi\u0105zuj\u0105ce, <\/li>\n\n\n\n<li><span style=\"background-color: var(--wp--preset--color--pure-white); font-family: var(--wp--preset--font-family--body); font-size: var(--wp--preset--font-size--small); font-weight: var(--wp--custom--font-weight--regular);\">podmiotom, z kt\u00f3rymi wsp\u00f3\u0142pracujemy przy obs\u0142udze spraw ksi\u0119gowych, prawnych, podatkowych &#8211; w&nbsp;zakresie w jakim stan\u0105 si\u0119 administratorem danych<\/span>, <\/li>\n\n\n\n<li><span style=\"background-color: var(--wp--preset--color--pure-white); font-family: var(--wp--preset--font-family--body); font-size: var(--wp--preset--font-size--small); font-weight: var(--wp--custom--font-weight--regular);\">podmiotom prowadz\u0105cym dzia\u0142alno\u015b\u0107 kuriersk\u0105 i pocztow\u0105<\/span>, <\/li>\n\n\n\n<li><span style=\"background-color: var(--wp--preset--color--pure-white); font-family: var(--wp--preset--font-family--body); font-size: var(--wp--preset--font-size--small); font-weight: var(--wp--custom--font-weight--regular);\">podmiotom prowadz\u0105cym dzia\u0142alno\u015b\u0107 p\u0142atnicz\u0105<\/span><\/li>\n<\/ul>\n<\/li>\n\n\n\n<li>Do zarz\u0105dzania plikami cookie i podobnymi technologiami (piksele \u015bledz\u0105ce, sygnalizatory sieci web itp.) oraz powi\u0105zanymi zgodami u\u017cywamy narz\u0119dzia do wyra\u017cania zgody &#8222;Real Cookie Banner&#8221;. Szczeg\u00f3\u0142owe informacje na temat dzia\u0142ania &#8222;Real Cookie Banner&#8221; mo\u017cna znale\u017a\u0107 na stronie <a href=\"https:\/\/devowl.io\/rcb\/data-processing\/\" target=\"_blank\" rel=\"noreferrer noopener\">https:\/\/devowl.io\/rcb\/data-processing\/<\/a>.<\/li>\n\n\n\n<li>Podstaw\u0105 prawn\u0105 przetwarzania danych osobowych w tym kontek\u015bcie jest art. 6 ust. 1 lit. c) RODO i art. 6 ust. 1 lit. f) RODO. Naszym uzasadnionym interesem jest zarz\u0105dzanie plikami cookie i podobnymi wykorzystywanymi technologiami oraz zwi\u0105zanymi z nimi zgodami.<\/li>\n\n\n\n<li>Podanie przez Pa\u0144stwa danych osobowych nie jest wymagane umownie ani konieczne do zawarcia umowy. Nie s\u0105 Pa\u0144stwo zobowi\u0105zani do podania danych osobowych. Je\u015bli nie podadz\u0105 Pa\u0144stwo danych osobowych, nie b\u0119dziemy mogli zarz\u0105dza\u0107 Pa\u0144stwa zgodami.<\/li>\n\n\n\n<li>Pa\u0144stwa dane osobowe nie b\u0119d\u0105 przekazywane do pa\u0144stwa trzeciego, ani do organizacji mi\u0119dzynarodowej.<\/li>\n\n\n\n<li>Pa\u0144stwa dane osobowe b\u0119d\u0105 przechowywane przez okres wynikaj\u0105cy z przepis\u00f3w powszechnie obowi\u0105zuj\u0105cych, w tym w szczeg\u00f3lno\u015bci z Ustawy z&nbsp;dnia 29.09.1994r. o rachunkowo\u015bci.<\/li>\n\n\n\n<li>Posiadaj\u0105 Pa\u0144stwo, zgodnie z art. 15-21 Rozporz\u0105dzenia z dnia 27.04.2016r, prawo dost\u0119pu do tre\u015bci swoich danych oraz prawo do ich sprostowania, usuni\u0119cia, ograniczenia przetwarzania, prawo do przenoszenia danych, prawo do wniesienia sprzeciwu, prawo do&nbsp;cofni\u0119cia zgody w dowolnym momencie bez wp\u0142ywu na zgodno\u015b\u0107 z prawem przetwarzania, kt\u00f3rego dokonano na podstawie zgody przed jej cofni\u0119ciem.<\/li>\n\n\n\n<li>O\u015bwiadczenie o cofni\u0119ciu zgody na przetwarzanie danych osobowych wymaga jego z\u0142o\u017cenia w formie pisemnej w siedzibie Administratora lub w formie elektronicznej na adres: biuro@fenixfactory.pl. Je\u017celi cofni\u0119cie zgody na przetwarzanie danych osobowych utrudni lub uniemo\u017cliwi prawid\u0142ow\u0105 realizacj\u0119 zawartej z Pa\u0144stwem Umowy, Administrator mo\u017ce podj\u0105\u0107 decyzj\u0119 o jej rozwi\u0105zaniu.<\/li>\n\n\n\n<li>Podanie przez Pa\u0144stwo danych osobowych jest dobrowolne. Konsekwencj\u0105 niepodania danych osobowych b\u0119dzie brak mo\u017cliwo\u015bci nawi\u0105zania wsp\u00f3\u0142pracy.<\/li>\n\n\n\n<li>W przypadku stwierdzenia, \u017ce przetwarzanie Pa\u0144stwa danych narusza przepisy Rozporz\u0105dzenia z dnia 27.04.2016r. (RODO), ma Pan\/Pani prawo do wniesienia skargi do Prezesa Urz\u0119du Ochrony Danych Osobowych.<\/li>\n\n\n\n<li>Pa\u0144stwa dane nie b\u0119d\u0105 przetwarzane w spos\u00f3b zautomatyzowany ani w formie profilowania.<\/li>\n<\/ol>\n","protected":false},"excerpt":{"rendered":"<p>INFORMACJA O PRZETWARZANIU DANYCH OSOBOWYCH Dzia\u0142aj\u0105c w zgodzie z art. 13 i nast\u0119puj\u0105cymi Rozporz\u0105dzenia Parlamentu Europejskiego i Rady (UE) 2016\/679 z dn. 27.04.2016r. w sprawie ochrony danych os\u00f3b fizycznych i w sprawie swobodnego przep\u0142ywu takich danych oraz uchylenia dyrektywy 95\/46\/WE (og\u00f3lne rozporz\u0105dzenie o ochronie danych), FenixFactory Sp z o. o. z siedzib\u0105 w Rzeszowie informuje, [&hellip;]<\/p>\n","protected":false},"author":1,"featured_media":0,"parent":0,"menu_order":0,"comment_status":"closed","ping_status":"open","template":"","meta":{"_uag_custom_page_level_css":"","footnotes":""},"class_list":["post-3","page","type-page","status-publish","hentry"],"uagb_featured_image_src":{"full":false,"thumbnail":false,"medium":false,"medium_large":false,"large":false,"1536x1536":false,"2048x2048":false},"uagb_author_info":{"display_name":"admin","author_link":"https:\/\/fenixfactory.pl\/?author=1"},"uagb_comment_info":0,"uagb_excerpt":"INFORMACJA O PRZETWARZANIU DANYCH OSOBOWYCH Dzia\u0142aj\u0105c w zgodzie z art. 13 i nast\u0119puj\u0105cymi Rozporz\u0105dzenia Parlamentu Europejskiego i Rady (UE) 2016\/679 z dn. 27.04.2016r. w sprawie ochrony danych os\u00f3b fizycznych i w sprawie swobodnego przep\u0142ywu takich danych oraz uchylenia dyrektywy 95\/46\/WE (og\u00f3lne rozporz\u0105dzenie o ochronie danych), FenixFactory Sp z o. o. z siedzib\u0105 w Rzeszowie informuje,&hellip;","_links":{"self":[{"href":"https:\/\/fenixfactory.pl\/index.php?rest_route=\/wp\/v2\/pages\/3","targetHints":{"allow":["GET"]}}],"collection":[{"href":"https:\/\/fenixfactory.pl\/index.php?rest_route=\/wp\/v2\/pages"}],"about":[{"href":"https:\/\/fenixfactory.pl\/index.php?rest_route=\/wp\/v2\/types\/page"}],"author":[{"embeddable":true,"href":"https:\/\/fenixfactory.pl\/index.php?rest_route=\/wp\/v2\/users\/1"}],"replies":[{"embeddable":true,"href":"https:\/\/fenixfactory.pl\/index.php?rest_route=%2Fwp%2Fv2%2Fcomments&post=3"}],"version-history":[{"count":2,"href":"https:\/\/fenixfactory.pl\/index.php?rest_route=\/wp\/v2\/pages\/3\/revisions"}],"predecessor-version":[{"id":125,"href":"https:\/\/fenixfactory.pl\/index.php?rest_route=\/wp\/v2\/pages\/3\/revisions\/125"}],"wp:attachment":[{"href":"https:\/\/fenixfactory.pl\/index.php?rest_route=%2Fwp%2Fv2%2Fmedia&parent=3"}],"curies":[{"name":"wp","href":"https:\/\/api.w.org\/{rel}","templated":true}]}}