{"id":142,"date":"2024-10-16T17:37:33","date_gmt":"2024-10-16T15:37:33","guid":{"rendered":"https:\/\/fenixfactory.pl\/?page_id=142"},"modified":"2024-10-16T17:37:34","modified_gmt":"2024-10-16T15:37:34","slug":"lets-get-in-touch","status":"publish","type":"page","link":"https:\/\/fenixfactory.pl\/?page_id=142","title":{"rendered":"Let&#8217;s get in touch!"},"content":{"rendered":"\n<div class=\"wp-block-uagb-forms uagb-forms__outer-wrap uagb-block-4b982063 uagb-forms__medium-btn\"><form class=\"uagb-forms-main-form\" method=\"post\" autocomplete=\"on\" name=\"uagb-form-4b982063\">\n<div class=\"wp-block-uagb-forms-name uagb-forms-name-wrap uagb-forms-field-set uagb-block-dc2e1bd8\"><div class=\"uagb-forms-name-label required uagb-forms-input-label\" id=\"dc2e1bd8\">company name:<\/div><input type=\"text\" placeholder=\"\" required class=\"uagb-forms-name-input uagb-forms-input\" name=\"dc2e1bd8\" autocomplete=\"organization\"\/><\/div>\n\n\n\n<div class=\"wp-block-uagb-forms-name uagb-forms-name-wrap uagb-forms-field-set uagb-block-4bd545f5\"><div class=\"uagb-forms-name-label  uagb-forms-input-label\" id=\"4bd545f5\">first name &amp; last name<\/div><input type=\"text\" placeholder=\"\" class=\"uagb-forms-name-input uagb-forms-input\" name=\"4bd545f5\" autocomplete=\"name\"\/><\/div>\n\n\n\n<div class=\"wp-block-uagb-forms-email uagb-forms-email-wrap uagb-forms-field-set uagb-block-9d5b1ba8\"><div class=\"uagb-forms-email-label required uagb-forms-input-label\" id=\"9d5b1ba8\">e-mail:<\/div><input type=\"email\" class=\"uagb-forms-email-input uagb-forms-input\" placeholder=\"e-mail@e-mail.com\" required name=\"9d5b1ba8\" autocomplete=\"email\"\/><\/div>\n\n\n\n<div class=\"wp-block-uagb-forms-textarea uagb-forms-textarea-wrap uagb-forms-field-set uagb-block-fecddd9d\"><div class=\"uagb-forms-textarea-label required uagb-forms-input-label\" id=\"fecddd9d\">message:<\/div><textarea required class=\"uagb-forms-textarea-input uagb-forms-input\" rows=\"4\" placeholder=\"Type your message here..\" name=\"fecddd9d\" autocomplete=\"off\"><\/textarea><\/div>\n<div class=\"uagb-forms-form-hidden-data\"><input type=\"hidden\" id=\"g-recaptcha-response\" class=\"uagb-forms-recaptcha\"\/><input type=\"hidden\" class=\"uagb_forms_form_label\" value=\"Spectra Form\"\/><input type=\"hidden\" class=\"uagb_forms_form_id\" value=\"uagb-form-4b982063\"\/><\/div><div class=\"uagb-form-reacaptcha-error-4b982063\"><\/div><div class=\"uagb-forms-main-submit-button-wrap wp-block-button\"><button class=\"uagb-forms-main-submit-button wp-block-button__link\"><div class=\"uagb-forms-main-submit-button-text\">Submit<\/div><\/button><\/div><\/form><div class=\"uagb-forms-success-message-4b982063 uagb-forms-submit-message-hide\"><span>Wiadomo\u015b\u0107 zosta\u0142a wyslana &#8211; wkr\u00f3tce odpowiemy.<\/span><\/div><div class=\"uagb-forms-failed-message-4b982063 uagb-forms-submit-message-hide\"><span>Wyst\u0105pi\u0142 b\u0142\u0105d wysy\u0142ania. Prosz\u0119 spr\u00f3bowa\u0107 ponownie p\u00f3\u017aniej, lub skontaktowa\u0107 si\u0119 w inny spos\u00f3b.<\/span><\/div><\/div>\n\n\n\n<p><\/p>\n","protected":false},"excerpt":{"rendered":"","protected":false},"author":1,"featured_media":0,"parent":0,"menu_order":0,"comment_status":"closed","ping_status":"closed","template":"","meta":{"_uag_custom_page_level_css":"","footnotes":""},"class_list":["post-142","page","type-page","status-publish","hentry"],"uagb_featured_image_src":{"full":false,"thumbnail":false,"medium":false,"medium_large":false,"large":false,"1536x1536":false,"2048x2048":false},"uagb_author_info":{"display_name":"admin","author_link":"https:\/\/fenixfactory.pl\/?author=1"},"uagb_comment_info":0,"uagb_excerpt":null,"_links":{"self":[{"href":"https:\/\/fenixfactory.pl\/index.php?rest_route=\/wp\/v2\/pages\/142","targetHints":{"allow":["GET"]}}],"collection":[{"href":"https:\/\/fenixfactory.pl\/index.php?rest_route=\/wp\/v2\/pages"}],"about":[{"href":"https:\/\/fenixfactory.pl\/index.php?rest_route=\/wp\/v2\/types\/page"}],"author":[{"embeddable":true,"href":"https:\/\/fenixfactory.pl\/index.php?rest_route=\/wp\/v2\/users\/1"}],"replies":[{"embeddable":true,"href":"https:\/\/fenixfactory.pl\/index.php?rest_route=%2Fwp%2Fv2%2Fcomments&post=142"}],"version-history":[{"count":1,"href":"https:\/\/fenixfactory.pl\/index.php?rest_route=\/wp\/v2\/pages\/142\/revisions"}],"predecessor-version":[{"id":143,"href":"https:\/\/fenixfactory.pl\/index.php?rest_route=\/wp\/v2\/pages\/142\/revisions\/143"}],"wp:attachment":[{"href":"https:\/\/fenixfactory.pl\/index.php?rest_route=%2Fwp%2Fv2%2Fmedia&parent=142"}],"curies":[{"name":"wp","href":"https:\/\/api.w.org\/{rel}","templated":true}]}}